{"id":64,"date":"2008-01-05T00:24:48","date_gmt":"2008-01-04T22:24:48","guid":{"rendered":"http:\/\/www.curi0us.net\/blog\/curi0us\/"},"modified":"2020-01-13T22:12:38","modified_gmt":"2020-01-13T20:12:38","slug":"curi0us","status":"publish","type":"page","link":"https:\/\/www.curi0us.net\/blog\/curi0us\/","title":{"rendered":"Curi0us"},"content":{"rendered":"\n<!-- google_ad_section_start -->\n<p>bin ich.<\/p>\n<p>Mitte 40.<\/p>\n<p>Bewohner des gr\u00f6\u00dften norddeutschen Ballungsraumes.<\/p>\n<p>Werbe- bzw. Marktforscher.<\/p>\n<p>FC St.Pauli-Fan, Team P\u00f6belbus<\/p>\n<p>Podcaster beim <a onclick=\"javascript:pageTracker._trackPageview('\/outgoing\/www.millernton.de');\"  href=\"http:\/\/www.millernton.de\" target=\"_blank\" rel=\"noopener noreferrer\">Millernton<\/a><\/p>\n<p>Gern- und Viel-schl\u00e4fer.<\/p>\n<p>Cocktail-Trinker (alles was s\u00fc\u00df ist!).<\/p>\n\n<!-- google_ad_section_end -->\n","protected":false},"excerpt":{"rendered":"<p>bin ich. Mitte 40. Bewohner des gr\u00f6\u00dften norddeutschen Ballungsraumes. Werbe- bzw. Marktforscher. FC St.Pauli-Fan, Team P\u00f6belbus Podcaster beim Millernton Gern- und Viel-schl\u00e4fer. Cocktail-Trinker (alles was s\u00fc\u00df ist!).<\/p>\n","protected":false},"author":5,"featured_media":0,"parent":0,"menu_order":1,"comment_status":"closed","ping_status":"closed","template":"","meta":{"footnotes":""},"class_list":["post-64","page","type-page","status-publish","hentry"],"jetpack_sharing_enabled":true,"_links":{"self":[{"href":"https:\/\/www.curi0us.net\/blog\/wp-json\/wp\/v2\/pages\/64"}],"collection":[{"href":"https:\/\/www.curi0us.net\/blog\/wp-json\/wp\/v2\/pages"}],"about":[{"href":"https:\/\/www.curi0us.net\/blog\/wp-json\/wp\/v2\/types\/page"}],"author":[{"embeddable":true,"href":"https:\/\/www.curi0us.net\/blog\/wp-json\/wp\/v2\/users\/5"}],"replies":[{"embeddable":true,"href":"https:\/\/www.curi0us.net\/blog\/wp-json\/wp\/v2\/comments?post=64"}],"version-history":[{"count":4,"href":"https:\/\/www.curi0us.net\/blog\/wp-json\/wp\/v2\/pages\/64\/revisions"}],"predecessor-version":[{"id":1642,"href":"https:\/\/www.curi0us.net\/blog\/wp-json\/wp\/v2\/pages\/64\/revisions\/1642"}],"wp:attachment":[{"href":"https:\/\/www.curi0us.net\/blog\/wp-json\/wp\/v2\/media?parent=64"}],"curies":[{"name":"wp","href":"https:\/\/api.w.org\/{rel}","templated":true}]}}